{"id":897,"date":"2024-10-22T00:32:41","date_gmt":"2024-10-22T00:32:41","guid":{"rendered":"https:\/\/jaazrentalcar.com\/?post_type=product&#038;p=897"},"modified":"2024-12-30T11:43:20","modified_gmt":"2024-12-30T11:43:20","slug":"chevrolet-groove","status":"publish","type":"product","link":"https:\/\/jaazrentalcar.com\/fr\/rental-cart\/chevrolet-groove\/","title":{"rendered":"Chevrolet Groove"},"content":{"rendered":"<div data-elementor-type=\"wp-post\" data-elementor-id=\"897\" class=\"elementor elementor-897\">\n\t\t\t\t\t\t<section class=\"elementor-section elementor-top-section elementor-element elementor-element-a6bf2ae elementor-section-boxed elementor-section-height-default elementor-section-height-default\" data-id=\"a6bf2ae\" data-element_type=\"section\">\n\t\t\t\t\t\t<div class=\"elementor-container elementor-column-gap-default\">\n\t\t\t\t\t<div class=\"elementor-column elementor-col-100 elementor-top-column elementor-element elementor-element-f8653e4\" data-id=\"f8653e4\" data-element_type=\"column\">\n\t\t\t<div class=\"elementor-widget-wrap elementor-element-populated\">\n\t\t\t\t\t\t<div class=\"elementor-element elementor-element-c09c7b3 elementor-widget elementor-widget-text-editor\" data-id=\"c09c7b3\" data-element_type=\"widget\" data-widget_type=\"text-editor.default\">\n\t\t\t\t<div class=\"elementor-widget-container\">\n\t\t\t\t\t\t\t\t\t<p><strong>The Chevrolet Groove <\/strong>est un SUV compact qui allie style et efficacit\u00e9. Id\u00e9al pour la conduite en ville, il se caract\u00e9rise par un design moderne, des \u00e9quipements technologiques avanc\u00e9s et une exp\u00e9rience de conduite agr\u00e9able. Son int\u00e9rieur spacieux et ses \u00e9quipements pratiques garantissent un confort optimal pour les trajets courts et longs. Avec ses options de connectivit\u00e9 et son excellent rapport qualit\u00e9-prix, le Groove est parfait pour les voyageurs en qu\u00eate de praticit\u00e9 et de style \u00e0 Duba\u00ef.<\/p>\t\t\t\t\t\t\t\t<\/div>\n\t\t\t\t<\/div>\n\t\t\t\t\t<\/div>\n\t\t<\/div>\n\t\t\t\t\t<\/div>\n\t\t<\/section>\n\t\t\t\t<\/div>","protected":false},"excerpt":{"rendered":"<p>The Chevrolet Groove is a compact SUV that combines style and efficiency. Ideal for city driving, it features a modern design, advanced technological features, and a pleasant driving experience. Its spacious interior and practical amenities ensure optimal comfort for both short and long trips. With its connectivity options and excellent value for money, the Groove&#8230;<\/p>","protected":false},"featured_media":1946,"template":"","meta":[],"product_cat":[83],"product_tag":[],"class_list":{"0":"post-897","1":"product","2":"type-product","3":"status-publish","4":"has-post-thumbnail","6":"product_cat-car-en","8":"first","9":"instock","10":"shipping-taxable","11":"purchasable","12":"product-type-simple"},"yoast_head":"<!-- This site is optimized with the Yoast SEO plugin v24.1 - https:\/\/yoast.com\/wordpress\/plugins\/seo\/ -->\n<title>Chevrolet Groove - Jaaz rental car Dubai<\/title>\n<meta name=\"robots\" content=\"index, follow, max-snippet:-1, max-image-preview:large, max-video-preview:-1\" \/>\n<link rel=\"canonical\" href=\"https:\/\/jaazrentalcar.com\/fr\/rental-cart\/chevrolet-groove\/\" \/>\n<meta property=\"og:locale\" content=\"fr_FR\" \/>\n<meta property=\"og:type\" content=\"article\" \/>\n<meta property=\"og:title\" content=\"Chevrolet Groove - Jaaz rental car Dubai\" \/>\n<meta property=\"og:description\" content=\"The Chevrolet Groove is a compact SUV that combines style and efficiency. Ideal for city driving, it features a modern design, advanced technological features, and a pleasant driving experience. Its spacious interior and practical amenities ensure optimal comfort for both short and long trips. With its connectivity options and excellent value for money, the Groove...\" \/>\n<meta property=\"og:url\" content=\"https:\/\/jaazrentalcar.com\/fr\/rental-cart\/chevrolet-groove\/\" \/>\n<meta property=\"og:site_name\" content=\"Jaaz rental car Dubai\" \/>\n<meta property=\"article:modified_time\" content=\"2024-12-30T11:43:20+00:00\" \/>\n<meta property=\"og:image\" content=\"https:\/\/jaazrentalcar.com\/wp-content\/uploads\/2024\/10\/chevrolet_groove-3-510x244-1.webp\" \/>\n\t<meta property=\"og:image:width\" content=\"510\" \/>\n\t<meta property=\"og:image:height\" content=\"244\" \/>\n\t<meta property=\"og:image:type\" content=\"image\/webp\" \/>\n<meta name=\"twitter:card\" content=\"summary_large_image\" \/>\n<meta name=\"twitter:label1\" content=\"Dur\u00e9e de lecture estim\u00e9e\" \/>\n\t<meta name=\"twitter:data1\" content=\"1 minute\" \/>\n<script type=\"application\/ld+json\" class=\"yoast-schema-graph\">{\"@context\":\"https:\/\/schema.org\",\"@graph\":[{\"@type\":\"WebPage\",\"@id\":\"https:\/\/jaazrentalcar.com\/rental-cart\/chevrolet-groove\/\",\"url\":\"https:\/\/jaazrentalcar.com\/rental-cart\/chevrolet-groove\/\",\"name\":\"Chevrolet Groove - Jaaz rental car Dubai\",\"isPartOf\":{\"@id\":\"https:\/\/jaazrentalcar.com\/#website\"},\"primaryImageOfPage\":{\"@id\":\"https:\/\/jaazrentalcar.com\/rental-cart\/chevrolet-groove\/#primaryimage\"},\"image\":{\"@id\":\"https:\/\/jaazrentalcar.com\/rental-cart\/chevrolet-groove\/#primaryimage\"},\"thumbnailUrl\":\"https:\/\/jaazrentalcar.com\/wp-content\/uploads\/2024\/10\/chevrolet_groove-3-510x244-1.webp\",\"datePublished\":\"2024-10-22T00:32:41+00:00\",\"dateModified\":\"2024-12-30T11:43:20+00:00\",\"breadcrumb\":{\"@id\":\"https:\/\/jaazrentalcar.com\/rental-cart\/chevrolet-groove\/#breadcrumb\"},\"inLanguage\":\"fr-FR\",\"potentialAction\":[{\"@type\":\"ReadAction\",\"target\":[\"https:\/\/jaazrentalcar.com\/rental-cart\/chevrolet-groove\/\"]}]},{\"@type\":\"ImageObject\",\"inLanguage\":\"fr-FR\",\"@id\":\"https:\/\/jaazrentalcar.com\/rental-cart\/chevrolet-groove\/#primaryimage\",\"url\":\"https:\/\/jaazrentalcar.com\/wp-content\/uploads\/2024\/10\/chevrolet_groove-3-510x244-1.webp\",\"contentUrl\":\"https:\/\/jaazrentalcar.com\/wp-content\/uploads\/2024\/10\/chevrolet_groove-3-510x244-1.webp\",\"width\":510,\"height\":244},{\"@type\":\"BreadcrumbList\",\"@id\":\"https:\/\/jaazrentalcar.com\/rental-cart\/chevrolet-groove\/#breadcrumb\",\"itemListElement\":[{\"@type\":\"ListItem\",\"position\":1,\"name\":\"Home\",\"item\":\"https:\/\/jaazrentalcar.com\/\"},{\"@type\":\"ListItem\",\"position\":2,\"name\":\"Reservation\",\"item\":\"https:\/\/jaazrentalcar.com\/reservation\/\"},{\"@type\":\"ListItem\",\"position\":3,\"name\":\"Chevrolet Groove\"}]},{\"@type\":\"WebSite\",\"@id\":\"https:\/\/jaazrentalcar.com\/#website\",\"url\":\"https:\/\/jaazrentalcar.com\/\",\"name\":\"Jaaz rental car Dubai\",\"description\":\"\",\"publisher\":{\"@id\":\"https:\/\/jaazrentalcar.com\/#organization\"},\"potentialAction\":[{\"@type\":\"SearchAction\",\"target\":{\"@type\":\"EntryPoint\",\"urlTemplate\":\"https:\/\/jaazrentalcar.com\/?s={search_term_string}\"},\"query-input\":{\"@type\":\"PropertyValueSpecification\",\"valueRequired\":true,\"valueName\":\"search_term_string\"}}],\"inLanguage\":\"fr-FR\"},{\"@type\":\"Organization\",\"@id\":\"https:\/\/jaazrentalcar.com\/#organization\",\"name\":\"Jaaz rental car Dubai\",\"url\":\"https:\/\/jaazrentalcar.com\/\",\"logo\":{\"@type\":\"ImageObject\",\"inLanguage\":\"fr-FR\",\"@id\":\"https:\/\/jaazrentalcar.com\/#\/schema\/logo\/image\/\",\"url\":\"https:\/\/jaazrentalcar.com\/wp-content\/uploads\/2024\/10\/logo-1-2.png\",\"contentUrl\":\"https:\/\/jaazrentalcar.com\/wp-content\/uploads\/2024\/10\/logo-1-2.png\",\"width\":609,\"height\":252,\"caption\":\"Jaaz rental car Dubai\"},\"image\":{\"@id\":\"https:\/\/jaazrentalcar.com\/#\/schema\/logo\/image\/\"}}]}<\/script>\n<!-- \/ Yoast SEO plugin. -->","yoast_head_json":{"title":"Chevrolet Groove - Jaaz rental car Dubai","robots":{"index":"index","follow":"follow","max-snippet":"max-snippet:-1","max-image-preview":"max-image-preview:large","max-video-preview":"max-video-preview:-1"},"canonical":"https:\/\/jaazrentalcar.com\/fr\/rental-cart\/chevrolet-groove\/","og_locale":"fr_FR","og_type":"article","og_title":"Chevrolet Groove - Jaaz rental car Dubai","og_description":"The Chevrolet Groove is a compact SUV that combines style and efficiency. Ideal for city driving, it features a modern design, advanced technological features, and a pleasant driving experience. Its spacious interior and practical amenities ensure optimal comfort for both short and long trips. With its connectivity options and excellent value for money, the Groove...","og_url":"https:\/\/jaazrentalcar.com\/fr\/rental-cart\/chevrolet-groove\/","og_site_name":"Jaaz rental car Dubai","article_modified_time":"2024-12-30T11:43:20+00:00","og_image":[{"width":510,"height":244,"url":"https:\/\/jaazrentalcar.com\/wp-content\/uploads\/2024\/10\/chevrolet_groove-3-510x244-1.webp","type":"image\/webp"}],"twitter_card":"summary_large_image","twitter_misc":{"Dur\u00e9e de lecture estim\u00e9e":"1 minute"},"schema":{"@context":"https:\/\/schema.org","@graph":[{"@type":"WebPage","@id":"https:\/\/jaazrentalcar.com\/rental-cart\/chevrolet-groove\/","url":"https:\/\/jaazrentalcar.com\/rental-cart\/chevrolet-groove\/","name":"Chevrolet Groove - Jaaz rental car Dubai","isPartOf":{"@id":"https:\/\/jaazrentalcar.com\/#website"},"primaryImageOfPage":{"@id":"https:\/\/jaazrentalcar.com\/rental-cart\/chevrolet-groove\/#primaryimage"},"image":{"@id":"https:\/\/jaazrentalcar.com\/rental-cart\/chevrolet-groove\/#primaryimage"},"thumbnailUrl":"https:\/\/jaazrentalcar.com\/wp-content\/uploads\/2024\/10\/chevrolet_groove-3-510x244-1.webp","datePublished":"2024-10-22T00:32:41+00:00","dateModified":"2024-12-30T11:43:20+00:00","breadcrumb":{"@id":"https:\/\/jaazrentalcar.com\/rental-cart\/chevrolet-groove\/#breadcrumb"},"inLanguage":"fr-FR","potentialAction":[{"@type":"ReadAction","target":["https:\/\/jaazrentalcar.com\/rental-cart\/chevrolet-groove\/"]}]},{"@type":"ImageObject","inLanguage":"fr-FR","@id":"https:\/\/jaazrentalcar.com\/rental-cart\/chevrolet-groove\/#primaryimage","url":"https:\/\/jaazrentalcar.com\/wp-content\/uploads\/2024\/10\/chevrolet_groove-3-510x244-1.webp","contentUrl":"https:\/\/jaazrentalcar.com\/wp-content\/uploads\/2024\/10\/chevrolet_groove-3-510x244-1.webp","width":510,"height":244},{"@type":"BreadcrumbList","@id":"https:\/\/jaazrentalcar.com\/rental-cart\/chevrolet-groove\/#breadcrumb","itemListElement":[{"@type":"ListItem","position":1,"name":"Home","item":"https:\/\/jaazrentalcar.com\/"},{"@type":"ListItem","position":2,"name":"Reservation","item":"https:\/\/jaazrentalcar.com\/reservation\/"},{"@type":"ListItem","position":3,"name":"Chevrolet Groove"}]},{"@type":"WebSite","@id":"https:\/\/jaazrentalcar.com\/#website","url":"https:\/\/jaazrentalcar.com\/","name":"Jaaz rental car Dubai","description":"","publisher":{"@id":"https:\/\/jaazrentalcar.com\/#organization"},"potentialAction":[{"@type":"SearchAction","target":{"@type":"EntryPoint","urlTemplate":"https:\/\/jaazrentalcar.com\/?s={search_term_string}"},"query-input":{"@type":"PropertyValueSpecification","valueRequired":true,"valueName":"search_term_string"}}],"inLanguage":"fr-FR"},{"@type":"Organization","@id":"https:\/\/jaazrentalcar.com\/#organization","name":"Jaaz rental car Dubai","url":"https:\/\/jaazrentalcar.com\/","logo":{"@type":"ImageObject","inLanguage":"fr-FR","@id":"https:\/\/jaazrentalcar.com\/#\/schema\/logo\/image\/","url":"https:\/\/jaazrentalcar.com\/wp-content\/uploads\/2024\/10\/logo-1-2.png","contentUrl":"https:\/\/jaazrentalcar.com\/wp-content\/uploads\/2024\/10\/logo-1-2.png","width":609,"height":252,"caption":"Jaaz rental car Dubai"},"image":{"@id":"https:\/\/jaazrentalcar.com\/#\/schema\/logo\/image\/"}}]}},"_links":{"self":[{"href":"https:\/\/jaazrentalcar.com\/fr\/wp-json\/wp\/v2\/product\/897","targetHints":{"allow":["GET"]}}],"collection":[{"href":"https:\/\/jaazrentalcar.com\/fr\/wp-json\/wp\/v2\/product"}],"about":[{"href":"https:\/\/jaazrentalcar.com\/fr\/wp-json\/wp\/v2\/types\/product"}],"version-history":[{"count":22,"href":"https:\/\/jaazrentalcar.com\/fr\/wp-json\/wp\/v2\/product\/897\/revisions"}],"predecessor-version":[{"id":1888,"href":"https:\/\/jaazrentalcar.com\/fr\/wp-json\/wp\/v2\/product\/897\/revisions\/1888"}],"wp:featuredmedia":[{"embeddable":true,"href":"https:\/\/jaazrentalcar.com\/fr\/wp-json\/wp\/v2\/media\/1946"}],"wp:attachment":[{"href":"https:\/\/jaazrentalcar.com\/fr\/wp-json\/wp\/v2\/media?parent=897"}],"wp:term":[{"taxonomy":"product_cat","embeddable":true,"href":"https:\/\/jaazrentalcar.com\/fr\/wp-json\/wp\/v2\/product_cat?post=897"},{"taxonomy":"product_tag","embeddable":true,"href":"https:\/\/jaazrentalcar.com\/fr\/wp-json\/wp\/v2\/product_tag?post=897"}],"curies":[{"name":"wp","href":"https:\/\/api.w.org\/{rel}","templated":true}]}}