{"id":834,"date":"2023-10-17T04:05:18","date_gmt":"2023-10-17T04:05:18","guid":{"rendered":"http:\/\/test.loc\/?page_id=834"},"modified":"2024-10-24T13:55:31","modified_gmt":"2024-10-24T13:55:31","slug":"faq","status":"publish","type":"page","link":"https:\/\/jaazrentalcar.com\/fr\/faq\/","title":{"rendered":"FAQ"},"content":{"rendered":"<div data-elementor-type=\"wp-page\" data-elementor-id=\"834\" class=\"elementor elementor-834\">\n\t\t\t\t\t\t<section class=\"elementor-section elementor-top-section elementor-element elementor-element-8273b7e elementor-section-boxed elementor-section-height-default elementor-section-height-default\" data-id=\"8273b7e\" data-element_type=\"section\">\n\t\t\t\t\t\t<div class=\"elementor-container elementor-column-gap-default\">\n\t\t\t\t\t<div class=\"elementor-column elementor-col-100 elementor-top-column elementor-element elementor-element-2efcd62\" data-id=\"2efcd62\" data-element_type=\"column\">\n\t\t\t<div class=\"elementor-widget-wrap elementor-element-populated\">\n\t\t\t\t\t\t<div class=\"elementor-element elementor-element-e7c1322 elementor-widget elementor-widget-accordion\" data-id=\"e7c1322\" data-element_type=\"widget\" data-widget_type=\"accordion.default\">\n\t\t\t\t<div class=\"elementor-widget-container\">\n\t\t\t\t\t\t\t<div class=\"elementor-accordion\">\n\t\t\t\t\t\t\t<div class=\"elementor-accordion-item\">\n\t\t\t\t\t<div id=\"elementor-tab-title-2431\" class=\"elementor-tab-title\" data-tab=\"1\" role=\"button\" aria-controls=\"elementor-tab-content-2431\" aria-expanded=\"false\">\n\t\t\t\t\t\t\t\t\t\t\t\t\t<span class=\"elementor-accordion-icon elementor-accordion-icon-left\" aria-hidden=\"true\">\n\t\t\t\t\t\t\t\t\t\t\t\t\t\t\t<span class=\"elementor-accordion-icon-closed\"><svg class=\"e-font-icon-svg e-fas-plus\" viewbox=\"0 0 448 512\" xmlns=\"http:\/\/www.w3.org\/2000\/svg\"><path d=\"M416 208H272V64c0-17.67-14.33-32-32-32h-32c-17.67 0-32 14.33-32 32v144H32c-17.67 0-32 14.33-32 32v32c0 17.67 14.33 32 32 32h144v144c0 17.67 14.33 32 32 32h32c17.67 0 32-14.33 32-32V304h144c17.67 0 32-14.33 32-32v-32c0-17.67-14.33-32-32-32z\"><\/path><\/svg><\/span>\n\t\t\t\t\t\t\t\t<span class=\"elementor-accordion-icon-opened\"><svg class=\"e-font-icon-svg e-fas-minus\" viewbox=\"0 0 448 512\" xmlns=\"http:\/\/www.w3.org\/2000\/svg\"><path d=\"M416 208H32c-17.67 0-32 14.33-32 32v32c0 17.67 14.33 32 32 32h384c17.67 0 32-14.33 32-32v-32c0-17.67-14.33-32-32-32z\"><\/path><\/svg><\/span>\n\t\t\t\t\t\t\t\t\t\t\t\t\t\t<\/span>\n\t\t\t\t\t\t\t\t\t\t\t\t<a class=\"elementor-accordion-title\" tabindex=\"0\">Comment r\u00e9server une voiture avec Jaaz Car Rental \u00e0 Duba\u00ef ?<\/a>\n\t\t\t\t\t<\/div>\n\t\t\t\t\t<div id=\"elementor-tab-content-2431\" class=\"elementor-tab-content elementor-clearfix\" data-tab=\"1\" role=\"region\" aria-labelledby=\"elementor-tab-title-2431\"><p><span style=\"font-weight: 400;\">Welcome to <\/span><b>Jaaz Car Rental<\/b><span style=\"font-weight: 400;\">o\u00f9 nous simplifions votre <\/span><b>r\u00e9servation d'une voiture de location \u00e0 Duba\u00ef<\/b><span style=\"font-weight: 400;\">. Que vous visitiez Duba\u00ef pour des vacances ou pour affaires, ou que vous soyez un r\u00e9sident \u00e0 la recherche d'un v\u00e9hicule fiable, nous avons la solution parfaite pour vous. Gr\u00e2ce \u00e0 notre vaste flotte de voitures bien entretenues, \u00e0 notre syst\u00e8me de r\u00e9servation en ligne facile et \u00e0 notre excellente assistance \u00e0 la client\u00e8le, nous veillons \u00e0 ce que votre exp\u00e9rience de la location de voiture se d\u00e9roule en douceur, \u00e0 un prix abordable et de mani\u00e8re pratique.<\/span><\/p><\/div>\n\t\t\t\t<\/div>\n\t\t\t\t\t\t\t<div class=\"elementor-accordion-item\">\n\t\t\t\t\t<div id=\"elementor-tab-title-2432\" class=\"elementor-tab-title\" data-tab=\"2\" role=\"button\" aria-controls=\"elementor-tab-content-2432\" aria-expanded=\"false\">\n\t\t\t\t\t\t\t\t\t\t\t\t\t<span class=\"elementor-accordion-icon elementor-accordion-icon-left\" aria-hidden=\"true\">\n\t\t\t\t\t\t\t\t\t\t\t\t\t\t\t<span class=\"elementor-accordion-icon-closed\"><svg class=\"e-font-icon-svg e-fas-plus\" viewbox=\"0 0 448 512\" xmlns=\"http:\/\/www.w3.org\/2000\/svg\"><path d=\"M416 208H272V64c0-17.67-14.33-32-32-32h-32c-17.67 0-32 14.33-32 32v144H32c-17.67 0-32 14.33-32 32v32c0 17.67 14.33 32 32 32h144v144c0 17.67 14.33 32 32 32h32c17.67 0 32-14.33 32-32V304h144c17.67 0 32-14.33 32-32v-32c0-17.67-14.33-32-32-32z\"><\/path><\/svg><\/span>\n\t\t\t\t\t\t\t\t<span class=\"elementor-accordion-icon-opened\"><svg class=\"e-font-icon-svg e-fas-minus\" viewbox=\"0 0 448 512\" xmlns=\"http:\/\/www.w3.org\/2000\/svg\"><path d=\"M416 208H32c-17.67 0-32 14.33-32 32v32c0 17.67 14.33 32 32 32h384c17.67 0 32-14.33 32-32v-32c0-17.67-14.33-32-32-32z\"><\/path><\/svg><\/span>\n\t\t\t\t\t\t\t\t\t\t\t\t\t\t<\/span>\n\t\t\t\t\t\t\t\t\t\t\t\t<a class=\"elementor-accordion-title\" tabindex=\"0\">De quels documents ai-je besoin pour r\u00e9server une voiture de location \u00e0 Duba\u00ef ?<\/a>\n\t\t\t\t\t<\/div>\n\t\t\t\t\t<div id=\"elementor-tab-content-2432\" class=\"elementor-tab-content elementor-clearfix\" data-tab=\"2\" role=\"region\" aria-labelledby=\"elementor-tab-title-2432\"><p>Pour louer une voiture avec nous, vous aurez besoin d'un permis de conduire valide, d'un passeport (pour les non-r\u00e9sidents) et d'une carte de cr\u00e9dit pour le d\u00e9p\u00f4t de garantie. Si vous \u00eates un conducteur international, assurez-vous que votre permis est valide aux \u00c9mirats arabes unis. Nous acceptons les permis locaux et internationaux, vous pouvez donc \u00eatre tranquille. <strong>r\u00e9servation d'une voiture de location \u00e0 Duba\u00ef<\/strong> est accessible \u00e0 tous les voyageurs.<\/p><\/div>\n\t\t\t\t<\/div>\n\t\t\t\t\t\t\t<div class=\"elementor-accordion-item\">\n\t\t\t\t\t<div id=\"elementor-tab-title-2433\" class=\"elementor-tab-title\" data-tab=\"3\" role=\"button\" aria-controls=\"elementor-tab-content-2433\" aria-expanded=\"false\">\n\t\t\t\t\t\t\t\t\t\t\t\t\t<span class=\"elementor-accordion-icon elementor-accordion-icon-left\" aria-hidden=\"true\">\n\t\t\t\t\t\t\t\t\t\t\t\t\t\t\t<span class=\"elementor-accordion-icon-closed\"><svg class=\"e-font-icon-svg e-fas-plus\" viewbox=\"0 0 448 512\" xmlns=\"http:\/\/www.w3.org\/2000\/svg\"><path d=\"M416 208H272V64c0-17.67-14.33-32-32-32h-32c-17.67 0-32 14.33-32 32v144H32c-17.67 0-32 14.33-32 32v32c0 17.67 14.33 32 32 32h144v144c0 17.67 14.33 32 32 32h32c17.67 0 32-14.33 32-32V304h144c17.67 0 32-14.33 32-32v-32c0-17.67-14.33-32-32-32z\"><\/path><\/svg><\/span>\n\t\t\t\t\t\t\t\t<span class=\"elementor-accordion-icon-opened\"><svg class=\"e-font-icon-svg e-fas-minus\" viewbox=\"0 0 448 512\" xmlns=\"http:\/\/www.w3.org\/2000\/svg\"><path d=\"M416 208H32c-17.67 0-32 14.33-32 32v32c0 17.67 14.33 32 32 32h384c17.67 0 32-14.33 32-32v-32c0-17.67-14.33-32-32-32z\"><\/path><\/svg><\/span>\n\t\t\t\t\t\t\t\t\t\t\t\t\t\t<\/span>\n\t\t\t\t\t\t\t\t\t\t\t\t<a class=\"elementor-accordion-title\" tabindex=\"0\">Puis-je r\u00e9cup\u00e9rer ma voiture de location \u00e0 l'a\u00e9roport international de Duba\u00ef ?<\/a>\n\t\t\t\t\t<\/div>\n\t\t\t\t\t<div id=\"elementor-tab-content-2433\" class=\"elementor-tab-content elementor-clearfix\" data-tab=\"3\" role=\"region\" aria-labelledby=\"elementor-tab-title-2433\"><p>Oui ! Nous proposons des options de prise en charge pratiques \u00e0 l'a\u00e9roport international de Duba\u00ef (DXB). Vous pouvez s\u00e9lectionner l'a\u00e9roport comme lieu de prise en charge lors de votre r\u00e9servation. <strong>car rental booking<\/strong>. Notre \u00e9quipe s'assurera que votre voiture est pr\u00eate \u00e0 votre arriv\u00e9e, ce qui vous permettra de commencer votre voyage \u00e0 Duba\u00ef sans retard.<\/p><\/div>\n\t\t\t\t<\/div>\n\t\t\t\t\t\t\t<div class=\"elementor-accordion-item\">\n\t\t\t\t\t<div id=\"elementor-tab-title-2434\" class=\"elementor-tab-title\" data-tab=\"4\" role=\"button\" aria-controls=\"elementor-tab-content-2434\" aria-expanded=\"false\">\n\t\t\t\t\t\t\t\t\t\t\t\t\t<span class=\"elementor-accordion-icon elementor-accordion-icon-left\" aria-hidden=\"true\">\n\t\t\t\t\t\t\t\t\t\t\t\t\t\t\t<span class=\"elementor-accordion-icon-closed\"><svg class=\"e-font-icon-svg e-fas-plus\" viewbox=\"0 0 448 512\" xmlns=\"http:\/\/www.w3.org\/2000\/svg\"><path d=\"M416 208H272V64c0-17.67-14.33-32-32-32h-32c-17.67 0-32 14.33-32 32v144H32c-17.67 0-32 14.33-32 32v32c0 17.67 14.33 32 32 32h144v144c0 17.67 14.33 32 32 32h32c17.67 0 32-14.33 32-32V304h144c17.67 0 32-14.33 32-32v-32c0-17.67-14.33-32-32-32z\"><\/path><\/svg><\/span>\n\t\t\t\t\t\t\t\t<span class=\"elementor-accordion-icon-opened\"><svg class=\"e-font-icon-svg e-fas-minus\" viewbox=\"0 0 448 512\" xmlns=\"http:\/\/www.w3.org\/2000\/svg\"><path d=\"M416 208H32c-17.67 0-32 14.33-32 32v32c0 17.67 14.33 32 32 32h384c17.67 0 32-14.33 32-32v-32c0-17.67-14.33-32-32-32z\"><\/path><\/svg><\/span>\n\t\t\t\t\t\t\t\t\t\t\t\t\t\t<\/span>\n\t\t\t\t\t\t\t\t\t\t\t\t<a class=\"elementor-accordion-title\" tabindex=\"0\">L'assurance est-elle incluse dans le prix de la location ?<\/a>\n\t\t\t\t\t<\/div>\n\t\t\t\t\t<div id=\"elementor-tab-content-2434\" class=\"elementor-tab-content elementor-clearfix\" data-tab=\"4\" role=\"region\" aria-labelledby=\"elementor-tab-title-2434\"><p>Oui, tous nos v\u00e9hicules de location sont couverts par une assurance de base, qui est incluse dans le prix. Cependant, nous proposons des options d'assurance suppl\u00e9mentaires pour une plus grande tranquillit\u00e9 d'esprit pendant votre location. Vous pouvez choisir parmi diff\u00e9rents plans de couverture lors de votre <strong>car rental booking<\/strong> in Dubai to ensure you&#8217;re fully protected while driving.<\/p><\/div>\n\t\t\t\t<\/div>\n\t\t\t\t\t\t\t<div class=\"elementor-accordion-item\">\n\t\t\t\t\t<div id=\"elementor-tab-title-2435\" class=\"elementor-tab-title\" data-tab=\"5\" role=\"button\" aria-controls=\"elementor-tab-content-2435\" aria-expanded=\"false\">\n\t\t\t\t\t\t\t\t\t\t\t\t\t<span class=\"elementor-accordion-icon elementor-accordion-icon-left\" aria-hidden=\"true\">\n\t\t\t\t\t\t\t\t\t\t\t\t\t\t\t<span class=\"elementor-accordion-icon-closed\"><svg class=\"e-font-icon-svg e-fas-plus\" viewbox=\"0 0 448 512\" xmlns=\"http:\/\/www.w3.org\/2000\/svg\"><path d=\"M416 208H272V64c0-17.67-14.33-32-32-32h-32c-17.67 0-32 14.33-32 32v144H32c-17.67 0-32 14.33-32 32v32c0 17.67 14.33 32 32 32h144v144c0 17.67 14.33 32 32 32h32c17.67 0 32-14.33 32-32V304h144c17.67 0 32-14.33 32-32v-32c0-17.67-14.33-32-32-32z\"><\/path><\/svg><\/span>\n\t\t\t\t\t\t\t\t<span class=\"elementor-accordion-icon-opened\"><svg class=\"e-font-icon-svg e-fas-minus\" viewbox=\"0 0 448 512\" xmlns=\"http:\/\/www.w3.org\/2000\/svg\"><path d=\"M416 208H32c-17.67 0-32 14.33-32 32v32c0 17.67 14.33 32 32 32h384c17.67 0 32-14.33 32-32v-32c0-17.67-14.33-32-32-32z\"><\/path><\/svg><\/span>\n\t\t\t\t\t\t\t\t\t\t\t\t\t\t<\/span>\n\t\t\t\t\t\t\t\t\t\t\t\t<a class=\"elementor-accordion-title\" tabindex=\"0\">Puis-je modifier ou annuler ma r\u00e9servation de location de voiture ?<\/a>\n\t\t\t\t\t<\/div>\n\t\t\t\t\t<div id=\"elementor-tab-content-2435\" class=\"elementor-tab-content elementor-clearfix\" data-tab=\"5\" role=\"region\" aria-labelledby=\"elementor-tab-title-2435\"><p>Oui, vous pouvez facilement modifier ou annuler votre r\u00e9servation de location de voiture avec <strong>Jaaz Car Rental<\/strong>. Pour effectuer des modifications, il vous suffit de vous connecter \u00e0 votre compte ou de contacter notre \u00e9quipe d'assistance \u00e0 la client\u00e8le. Nous proposons des politiques d'annulation souples, mais veillez \u00e0 v\u00e9rifier les conditions g\u00e9n\u00e9rales, car des frais peuvent s'appliquer si la r\u00e9servation est annul\u00e9e trop peu de temps avant la date de prise en charge.<\/p><\/div>\n\t\t\t\t<\/div>\n\t\t\t\t\t\t\t<div class=\"elementor-accordion-item\">\n\t\t\t\t\t<div id=\"elementor-tab-title-2436\" class=\"elementor-tab-title\" data-tab=\"6\" role=\"button\" aria-controls=\"elementor-tab-content-2436\" aria-expanded=\"false\">\n\t\t\t\t\t\t\t\t\t\t\t\t\t<span class=\"elementor-accordion-icon elementor-accordion-icon-left\" aria-hidden=\"true\">\n\t\t\t\t\t\t\t\t\t\t\t\t\t\t\t<span class=\"elementor-accordion-icon-closed\"><svg class=\"e-font-icon-svg e-fas-plus\" viewbox=\"0 0 448 512\" xmlns=\"http:\/\/www.w3.org\/2000\/svg\"><path d=\"M416 208H272V64c0-17.67-14.33-32-32-32h-32c-17.67 0-32 14.33-32 32v144H32c-17.67 0-32 14.33-32 32v32c0 17.67 14.33 32 32 32h144v144c0 17.67 14.33 32 32 32h32c17.67 0 32-14.33 32-32V304h144c17.67 0 32-14.33 32-32v-32c0-17.67-14.33-32-32-32z\"><\/path><\/svg><\/span>\n\t\t\t\t\t\t\t\t<span class=\"elementor-accordion-icon-opened\"><svg class=\"e-font-icon-svg e-fas-minus\" viewbox=\"0 0 448 512\" xmlns=\"http:\/\/www.w3.org\/2000\/svg\"><path d=\"M416 208H32c-17.67 0-32 14.33-32 32v32c0 17.67 14.33 32 32 32h384c17.67 0 32-14.33 32-32v-32c0-17.67-14.33-32-32-32z\"><\/path><\/svg><\/span>\n\t\t\t\t\t\t\t\t\t\t\t\t\t\t<\/span>\n\t\t\t\t\t\t\t\t\t\t\t\t<a class=\"elementor-accordion-title\" tabindex=\"0\">Quels sont les modes de paiement accept\u00e9s pour la location de voitures \u00e0 Duba\u00ef ?<\/a>\n\t\t\t\t\t<\/div>\n\t\t\t\t\t<div id=\"elementor-tab-content-2436\" class=\"elementor-tab-content elementor-clearfix\" data-tab=\"6\" role=\"region\" aria-labelledby=\"elementor-tab-title-2436\"><p>Nous acceptons les principales cartes de cr\u00e9dit, notamment Visa, Mastercard et American Express. Pour plus de commodit\u00e9, nous acceptons \u00e9galement les paiements en ligne s\u00e9curis\u00e9s sur notre site web lorsque vous remplissez votre formulaire de demande de remboursement. <strong>r\u00e9servation d'une voiture de location \u00e0 Duba\u00ef<\/strong>. Unfortunately, we do not accept cash payments for security deposits.<\/p><\/div>\n\t\t\t\t<\/div>\n\t\t\t\t\t\t\t<div class=\"elementor-accordion-item\">\n\t\t\t\t\t<div id=\"elementor-tab-title-2437\" class=\"elementor-tab-title\" data-tab=\"7\" role=\"button\" aria-controls=\"elementor-tab-content-2437\" aria-expanded=\"false\">\n\t\t\t\t\t\t\t\t\t\t\t\t\t<span class=\"elementor-accordion-icon elementor-accordion-icon-left\" aria-hidden=\"true\">\n\t\t\t\t\t\t\t\t\t\t\t\t\t\t\t<span class=\"elementor-accordion-icon-closed\"><svg class=\"e-font-icon-svg e-fas-plus\" viewbox=\"0 0 448 512\" xmlns=\"http:\/\/www.w3.org\/2000\/svg\"><path d=\"M416 208H272V64c0-17.67-14.33-32-32-32h-32c-17.67 0-32 14.33-32 32v144H32c-17.67 0-32 14.33-32 32v32c0 17.67 14.33 32 32 32h144v144c0 17.67 14.33 32 32 32h32c17.67 0 32-14.33 32-32V304h144c17.67 0 32-14.33 32-32v-32c0-17.67-14.33-32-32-32z\"><\/path><\/svg><\/span>\n\t\t\t\t\t\t\t\t<span class=\"elementor-accordion-icon-opened\"><svg class=\"e-font-icon-svg e-fas-minus\" viewbox=\"0 0 448 512\" xmlns=\"http:\/\/www.w3.org\/2000\/svg\"><path d=\"M416 208H32c-17.67 0-32 14.33-32 32v32c0 17.67 14.33 32 32 32h384c17.67 0 32-14.33 32-32v-32c0-17.67-14.33-32-32-32z\"><\/path><\/svg><\/span>\n\t\t\t\t\t\t\t\t\t\t\t\t\t\t<\/span>\n\t\t\t\t\t\t\t\t\t\t\t\t<a class=\"elementor-accordion-title\" tabindex=\"0\">Des si\u00e8ges pour enfants peuvent-ils \u00eatre lou\u00e9s ?<\/a>\n\t\t\t\t\t<\/div>\n\t\t\t\t\t<div id=\"elementor-tab-content-2437\" class=\"elementor-tab-content elementor-clearfix\" data-tab=\"7\" role=\"region\" aria-labelledby=\"elementor-tab-title-2437\"><p>Oui, des si\u00e8ges pour enfants peuvent \u00eatre lou\u00e9s sur demande. Lorsque vous remplissez votre <strong>r\u00e9servation d'une voiture de location \u00e0 Duba\u00ef<\/strong>Vous pouvez ajouter des si\u00e8ges pour enfants \u00e0 votre r\u00e9servation. Nous proposons diff\u00e9rentes tailles pour assurer la s\u00e9curit\u00e9 et le confort des enfants de tous \u00e2ges pendant votre voyage.<\/p><\/div>\n\t\t\t\t<\/div>\n\t\t\t\t\t\t\t\t<\/div>\n\t\t\t\t\t\t<\/div>\n\t\t\t\t<\/div>\n\t\t\t\t\t<\/div>\n\t\t<\/div>\n\t\t\t\t\t<\/div>\n\t\t<\/section>\n\t\t\t\t<\/div>","protected":false},"excerpt":{"rendered":"<p>How do I book a car with Jaaz Car Rental in Dubai? Welcome to Jaaz Car Rental, where we simplify your car rental booking in Dubai. Whether you&#8217;re visiting Dubai for a holiday or business, or you&#8217;re a resident in need of a reliable vehicle, we have the perfect solution for you. With our large&#8230;<\/p>","protected":false},"author":2,"featured_media":0,"parent":0,"menu_order":0,"comment_status":"closed","ping_status":"closed","template":"","meta":{"footnotes":""},"class_list":["post-834","page","type-page","status-publish","hentry"],"yoast_head":"<!-- This site is optimized with the Yoast SEO plugin v24.1 - https:\/\/yoast.com\/wordpress\/plugins\/seo\/ -->\n<title>FAQ - Jaaz rental car Dubai<\/title>\n<meta name=\"robots\" content=\"index, follow, max-snippet:-1, max-image-preview:large, max-video-preview:-1\" \/>\n<link rel=\"canonical\" href=\"https:\/\/jaazrentalcar.com\/fr\/faq\/\" \/>\n<meta property=\"og:locale\" content=\"fr_FR\" \/>\n<meta property=\"og:type\" content=\"article\" \/>\n<meta property=\"og:title\" content=\"FAQ - Jaaz rental car Dubai\" \/>\n<meta property=\"og:description\" content=\"How do I book a car with Jaaz Car Rental in Dubai? Welcome to Jaaz Car Rental, where we simplify your car rental booking in Dubai. Whether you&#8217;re visiting Dubai for a holiday or business, or you&#8217;re a resident in need of a reliable vehicle, we have the perfect solution for you. With our large...\" \/>\n<meta property=\"og:url\" content=\"https:\/\/jaazrentalcar.com\/fr\/faq\/\" \/>\n<meta property=\"og:site_name\" content=\"Jaaz rental car Dubai\" \/>\n<meta property=\"article:modified_time\" content=\"2024-10-24T13:55:31+00:00\" \/>\n<meta name=\"twitter:card\" content=\"summary_large_image\" \/>\n<meta name=\"twitter:label1\" content=\"Dur\u00e9e de lecture estim\u00e9e\" \/>\n\t<meta name=\"twitter:data1\" content=\"2 minutes\" \/>\n<script type=\"application\/ld+json\" class=\"yoast-schema-graph\">{\"@context\":\"https:\/\/schema.org\",\"@graph\":[{\"@type\":\"WebPage\",\"@id\":\"https:\/\/jaazrentalcar.com\/faq\/\",\"url\":\"https:\/\/jaazrentalcar.com\/faq\/\",\"name\":\"FAQ - Jaaz rental car Dubai\",\"isPartOf\":{\"@id\":\"https:\/\/jaazrentalcar.com\/#website\"},\"datePublished\":\"2023-10-17T04:05:18+00:00\",\"dateModified\":\"2024-10-24T13:55:31+00:00\",\"breadcrumb\":{\"@id\":\"https:\/\/jaazrentalcar.com\/faq\/#breadcrumb\"},\"inLanguage\":\"fr-FR\",\"potentialAction\":[{\"@type\":\"ReadAction\",\"target\":[\"https:\/\/jaazrentalcar.com\/faq\/\"]}]},{\"@type\":\"BreadcrumbList\",\"@id\":\"https:\/\/jaazrentalcar.com\/faq\/#breadcrumb\",\"itemListElement\":[{\"@type\":\"ListItem\",\"position\":1,\"name\":\"Home\",\"item\":\"https:\/\/jaazrentalcar.com\/\"},{\"@type\":\"ListItem\",\"position\":2,\"name\":\"FAQ\"}]},{\"@type\":\"WebSite\",\"@id\":\"https:\/\/jaazrentalcar.com\/#website\",\"url\":\"https:\/\/jaazrentalcar.com\/\",\"name\":\"Jaaz rental car Dubai\",\"description\":\"\",\"publisher\":{\"@id\":\"https:\/\/jaazrentalcar.com\/#organization\"},\"potentialAction\":[{\"@type\":\"SearchAction\",\"target\":{\"@type\":\"EntryPoint\",\"urlTemplate\":\"https:\/\/jaazrentalcar.com\/?s={search_term_string}\"},\"query-input\":{\"@type\":\"PropertyValueSpecification\",\"valueRequired\":true,\"valueName\":\"search_term_string\"}}],\"inLanguage\":\"fr-FR\"},{\"@type\":\"Organization\",\"@id\":\"https:\/\/jaazrentalcar.com\/#organization\",\"name\":\"Jaaz rental car Dubai\",\"url\":\"https:\/\/jaazrentalcar.com\/\",\"logo\":{\"@type\":\"ImageObject\",\"inLanguage\":\"fr-FR\",\"@id\":\"https:\/\/jaazrentalcar.com\/#\/schema\/logo\/image\/\",\"url\":\"https:\/\/jaazrentalcar.com\/wp-content\/uploads\/2024\/10\/logo-1-2.png\",\"contentUrl\":\"https:\/\/jaazrentalcar.com\/wp-content\/uploads\/2024\/10\/logo-1-2.png\",\"width\":609,\"height\":252,\"caption\":\"Jaaz rental car Dubai\"},\"image\":{\"@id\":\"https:\/\/jaazrentalcar.com\/#\/schema\/logo\/image\/\"}}]}<\/script>\n<!-- \/ Yoast SEO plugin. -->","yoast_head_json":{"title":"FAQ - Jaaz rental car Dubai","robots":{"index":"index","follow":"follow","max-snippet":"max-snippet:-1","max-image-preview":"max-image-preview:large","max-video-preview":"max-video-preview:-1"},"canonical":"https:\/\/jaazrentalcar.com\/fr\/faq\/","og_locale":"fr_FR","og_type":"article","og_title":"FAQ - Jaaz rental car Dubai","og_description":"How do I book a car with Jaaz Car Rental in Dubai? Welcome to Jaaz Car Rental, where we simplify your car rental booking in Dubai. Whether you&#8217;re visiting Dubai for a holiday or business, or you&#8217;re a resident in need of a reliable vehicle, we have the perfect solution for you. With our large...","og_url":"https:\/\/jaazrentalcar.com\/fr\/faq\/","og_site_name":"Jaaz rental car Dubai","article_modified_time":"2024-10-24T13:55:31+00:00","twitter_card":"summary_large_image","twitter_misc":{"Dur\u00e9e de lecture estim\u00e9e":"2 minutes"},"schema":{"@context":"https:\/\/schema.org","@graph":[{"@type":"WebPage","@id":"https:\/\/jaazrentalcar.com\/faq\/","url":"https:\/\/jaazrentalcar.com\/faq\/","name":"FAQ - Jaaz rental car Dubai","isPartOf":{"@id":"https:\/\/jaazrentalcar.com\/#website"},"datePublished":"2023-10-17T04:05:18+00:00","dateModified":"2024-10-24T13:55:31+00:00","breadcrumb":{"@id":"https:\/\/jaazrentalcar.com\/faq\/#breadcrumb"},"inLanguage":"fr-FR","potentialAction":[{"@type":"ReadAction","target":["https:\/\/jaazrentalcar.com\/faq\/"]}]},{"@type":"BreadcrumbList","@id":"https:\/\/jaazrentalcar.com\/faq\/#breadcrumb","itemListElement":[{"@type":"ListItem","position":1,"name":"Home","item":"https:\/\/jaazrentalcar.com\/"},{"@type":"ListItem","position":2,"name":"FAQ"}]},{"@type":"WebSite","@id":"https:\/\/jaazrentalcar.com\/#website","url":"https:\/\/jaazrentalcar.com\/","name":"Jaaz rental car Dubai","description":"","publisher":{"@id":"https:\/\/jaazrentalcar.com\/#organization"},"potentialAction":[{"@type":"SearchAction","target":{"@type":"EntryPoint","urlTemplate":"https:\/\/jaazrentalcar.com\/?s={search_term_string}"},"query-input":{"@type":"PropertyValueSpecification","valueRequired":true,"valueName":"search_term_string"}}],"inLanguage":"fr-FR"},{"@type":"Organization","@id":"https:\/\/jaazrentalcar.com\/#organization","name":"Jaaz rental car Dubai","url":"https:\/\/jaazrentalcar.com\/","logo":{"@type":"ImageObject","inLanguage":"fr-FR","@id":"https:\/\/jaazrentalcar.com\/#\/schema\/logo\/image\/","url":"https:\/\/jaazrentalcar.com\/wp-content\/uploads\/2024\/10\/logo-1-2.png","contentUrl":"https:\/\/jaazrentalcar.com\/wp-content\/uploads\/2024\/10\/logo-1-2.png","width":609,"height":252,"caption":"Jaaz rental car Dubai"},"image":{"@id":"https:\/\/jaazrentalcar.com\/#\/schema\/logo\/image\/"}}]}},"_links":{"self":[{"href":"https:\/\/jaazrentalcar.com\/fr\/wp-json\/wp\/v2\/pages\/834","targetHints":{"allow":["GET"]}}],"collection":[{"href":"https:\/\/jaazrentalcar.com\/fr\/wp-json\/wp\/v2\/pages"}],"about":[{"href":"https:\/\/jaazrentalcar.com\/fr\/wp-json\/wp\/v2\/types\/page"}],"author":[{"embeddable":true,"href":"https:\/\/jaazrentalcar.com\/fr\/wp-json\/wp\/v2\/users\/2"}],"replies":[{"embeddable":true,"href":"https:\/\/jaazrentalcar.com\/fr\/wp-json\/wp\/v2\/comments?post=834"}],"version-history":[{"count":6,"href":"https:\/\/jaazrentalcar.com\/fr\/wp-json\/wp\/v2\/pages\/834\/revisions"}],"predecessor-version":[{"id":1175,"href":"https:\/\/jaazrentalcar.com\/fr\/wp-json\/wp\/v2\/pages\/834\/revisions\/1175"}],"wp:attachment":[{"href":"https:\/\/jaazrentalcar.com\/fr\/wp-json\/wp\/v2\/media?parent=834"}],"curies":[{"name":"wp","href":"https:\/\/api.w.org\/{rel}","templated":true}]}}